{"id":99,"date":"2022-08-11T13:14:51","date_gmt":"2022-08-11T11:14:51","guid":{"rendered":"https:\/\/dinobahn.de\/?page_id=99"},"modified":"2022-08-11T13:14:51","modified_gmt":"2022-08-11T11:14:51","slug":"der-gruendungsvorstand","status":"publish","type":"page","link":"https:\/\/dinobahn.de\/index.php\/der-gruendungsvorstand\/","title":{"rendered":"Der Gr\u00fcndungsvorstand"},"content":{"rendered":"\n<p>1996 wurden die Dinos ein selbstst\u00e4ndiger Verein mit seinem ersten Vorstand<\/p>\n\n\n\n<p>1. Vorsitzender Erich Fr\u00f6ls<br>2. Vorsitzender Heinrich Fleck<br>Kassenw\u00e4rterin Tatiana Fr\u00f6ls, Gabi Schmidt, Michael Brand, Silvia He\u00df<\/p>\n\n\n\n<p>Gr\u00fcndungsmitglieder<\/p>\n\n\n\n<p>Fam. Fr\u00f6ls<br>Werner &amp; Anne Kraft<br>Anke Lehmann<br>Marcela Fleck<br>Dieter &amp; Geli M\u00fchleis<br>Sigrun Dei\u00dfler<br>Kurt von Gostomski<br>Fam. Schmidt<br>Rolf Dei\u00dfler<br>Fam. Paeschke<br>Fam. Lehmann<br>Heinrich Fleck<br>Fam. Christ<br>Fam. Brandt<br>Jochen Sahlfeld<br>Eberhard Kuzius<br>Silvia He\u00df<br>Gerhard Gr\u00e4ber<br>Herbert Baumann<\/p>\n","protected":false},"excerpt":{"rendered":"<p>1996 wurden die Dinos ein selbstst\u00e4ndiger Verein mit seinem ersten Vorstand 1. Vorsitzender Erich Fr\u00f6ls2. Vorsitzender Heinrich FleckKassenw\u00e4rterin Tatiana Fr\u00f6ls,<\/p>\n","protected":false},"author":1,"featured_media":0,"parent":0,"menu_order":0,"comment_status":"closed","ping_status":"closed","template":"","meta":{"ngg_post_thumbnail":0,"footnotes":""},"class_list":["post-99","page","type-page","status-publish","hentry"],"_links":{"self":[{"href":"https:\/\/dinobahn.de\/index.php\/wp-json\/wp\/v2\/pages\/99","targetHints":{"allow":["GET"]}}],"collection":[{"href":"https:\/\/dinobahn.de\/index.php\/wp-json\/wp\/v2\/pages"}],"about":[{"href":"https:\/\/dinobahn.de\/index.php\/wp-json\/wp\/v2\/types\/page"}],"author":[{"embeddable":true,"href":"https:\/\/dinobahn.de\/index.php\/wp-json\/wp\/v2\/users\/1"}],"replies":[{"embeddable":true,"href":"https:\/\/dinobahn.de\/index.php\/wp-json\/wp\/v2\/comments?post=99"}],"version-history":[{"count":0,"href":"https:\/\/dinobahn.de\/index.php\/wp-json\/wp\/v2\/pages\/99\/revisions"}],"wp:attachment":[{"href":"https:\/\/dinobahn.de\/index.php\/wp-json\/wp\/v2\/media?parent=99"}],"curies":[{"name":"wp","href":"https:\/\/api.w.org\/{rel}","templated":true}]}}