{"id":838,"date":"2022-08-18T08:46:28","date_gmt":"2022-08-18T06:46:28","guid":{"rendered":"https:\/\/dinobahn.de\/?page_id=838"},"modified":"2022-08-18T09:18:37","modified_gmt":"2022-08-18T07:18:37","slug":"2022-2","status":"publish","type":"page","link":"https:\/\/dinobahn.de\/index.php\/2022-2\/","title":{"rendered":"Presse 2022"},"content":{"rendered":"\n<p>Um diese Artikel zu Lesen zu k\u00f6nnen ben\u00f6tigen Sie teilweise den Adobe Acrobat Reader.<br>Den k\u00f6nnen Sie unter <a rel=\"noreferrer noopener\" href=\"https:\/\/get.adobe.com\/de\/reader\/otherversions\" target=\"_blank\">https:\/\/get.adobe.com\/de\/reader\/otherversions<\/a> Downloaden. <\/p>\n\n\n\n<p>10,08.2022 Stadtpost Neu-Isenburg<a rel=\"noreferrer noopener\" href=\"https:\/\/www.stadtpost.de\/stadtpost-neu-isenburg\/gedanken-dabei-id94129.html\" target=\"_blank\"> In Gedanken dabei <\/a><\/p>\n","protected":false},"excerpt":{"rendered":"<p>Um diese Artikel zu Lesen zu k\u00f6nnen ben\u00f6tigen Sie teilweise den Adobe Acrobat Reader.Den k\u00f6nnen Sie unter https:\/\/get.adobe.com\/de\/reader\/otherversions Downloaden. 10,08.2022<\/p>\n","protected":false},"author":1,"featured_media":0,"parent":0,"menu_order":0,"comment_status":"closed","ping_status":"closed","template":"","meta":{"ngg_post_thumbnail":0,"footnotes":""},"class_list":["post-838","page","type-page","status-publish","hentry"],"_links":{"self":[{"href":"https:\/\/dinobahn.de\/index.php\/wp-json\/wp\/v2\/pages\/838","targetHints":{"allow":["GET"]}}],"collection":[{"href":"https:\/\/dinobahn.de\/index.php\/wp-json\/wp\/v2\/pages"}],"about":[{"href":"https:\/\/dinobahn.de\/index.php\/wp-json\/wp\/v2\/types\/page"}],"author":[{"embeddable":true,"href":"https:\/\/dinobahn.de\/index.php\/wp-json\/wp\/v2\/users\/1"}],"replies":[{"embeddable":true,"href":"https:\/\/dinobahn.de\/index.php\/wp-json\/wp\/v2\/comments?post=838"}],"version-history":[{"count":0,"href":"https:\/\/dinobahn.de\/index.php\/wp-json\/wp\/v2\/pages\/838\/revisions"}],"wp:attachment":[{"href":"https:\/\/dinobahn.de\/index.php\/wp-json\/wp\/v2\/media?parent=838"}],"curies":[{"name":"wp","href":"https:\/\/api.w.org\/{rel}","templated":true}]}}