{"id":81,"date":"2022-08-11T12:51:42","date_gmt":"2022-08-11T10:51:42","guid":{"rendered":"https:\/\/dinobahn.de\/?page_id=81"},"modified":"2026-03-11T12:18:49","modified_gmt":"2026-03-11T11:18:49","slug":"der-vorstand","status":"publish","type":"page","link":"https:\/\/dinobahn.de\/index.php\/der-vorstand\/","title":{"rendered":"Der Vorstand"},"content":{"rendered":"\n<div class=\"wp-block-columns is-layout-flex wp-container-core-columns-is-layout-9d6595d7 wp-block-columns-is-layout-flex\">\n<div class=\"wp-block-column is-layout-flow wp-block-column-is-layout-flow\">\n<figure class=\"wp-block-image size-full\"><img loading=\"lazy\" decoding=\"async\" width=\"240\" height=\"240\" src=\"https:\/\/dinobahn.de\/wp-content\/uploads\/2022\/10\/Sascha-Froels-Rund.png\" alt=\"\" class=\"wp-image-2617\" srcset=\"https:\/\/dinobahn.de\/wp-content\/uploads\/2022\/10\/Sascha-Froels-Rund.png 240w, https:\/\/dinobahn.de\/wp-content\/uploads\/2022\/10\/Sascha-Froels-Rund-150x150.png 150w\" sizes=\"auto, (max-width: 240px) 100vw, 240px\" \/><\/figure>\n<\/div>\n\n\n\n<div class=\"wp-block-column is-layout-flow wp-block-column-is-layout-flow\">\n<div style=\"height:72px\" aria-hidden=\"true\" class=\"wp-block-spacer\"><\/div>\n\n\n\n<p><strong>1. Vorsitzender:<\/strong> Sascha Fr\u00f6ls<\/p>\n<\/div>\n<\/div>\n\n\n\n<div class=\"wp-block-columns is-layout-flex wp-container-core-columns-is-layout-9d6595d7 wp-block-columns-is-layout-flex\">\n<div class=\"wp-block-column is-layout-flow wp-block-column-is-layout-flow\">\n<figure class=\"wp-block-image size-full is-resized\"><img loading=\"lazy\" decoding=\"async\" width=\"306\" height=\"308\" src=\"https:\/\/dinobahn.de\/wp-content\/uploads\/2026\/02\/Sandra-Schmidt.png\" alt=\"\" class=\"wp-image-12258\" style=\"width:231px;height:auto\" srcset=\"https:\/\/dinobahn.de\/wp-content\/uploads\/2026\/02\/Sandra-Schmidt.png 306w, https:\/\/dinobahn.de\/wp-content\/uploads\/2026\/02\/Sandra-Schmidt-298x300.png 298w, https:\/\/dinobahn.de\/wp-content\/uploads\/2026\/02\/Sandra-Schmidt-150x150.png 150w\" sizes=\"auto, (max-width: 306px) 100vw, 306px\" \/><\/figure>\n<\/div>\n\n\n\n<div class=\"wp-block-column is-layout-flow wp-block-column-is-layout-flow\">\n<div style=\"height:75px\" aria-hidden=\"true\" class=\"wp-block-spacer\"><\/div>\n\n\n\n<p><strong>2. Vorsitzende:<\/strong> Sandra Schmidt<\/p>\n<\/div>\n<\/div>\n\n\n\n<div class=\"wp-block-columns is-layout-flex wp-container-core-columns-is-layout-9d6595d7 wp-block-columns-is-layout-flex\">\n<div class=\"wp-block-column is-layout-flow wp-block-column-is-layout-flow\">\n<figure class=\"wp-block-image size-full\"><img loading=\"lazy\" decoding=\"async\" width=\"240\" height=\"240\" src=\"https:\/\/dinobahn.de\/wp-content\/uploads\/2022\/10\/Tatiana-Froels-Rund.png\" alt=\"\" class=\"wp-image-2619\" srcset=\"https:\/\/dinobahn.de\/wp-content\/uploads\/2022\/10\/Tatiana-Froels-Rund.png 240w, https:\/\/dinobahn.de\/wp-content\/uploads\/2022\/10\/Tatiana-Froels-Rund-150x150.png 150w\" sizes=\"auto, (max-width: 240px) 100vw, 240px\" \/><\/figure>\n<\/div>\n\n\n\n<div class=\"wp-block-column is-layout-flow wp-block-column-is-layout-flow\">\n<div style=\"height:92px\" aria-hidden=\"true\" class=\"wp-block-spacer\"><\/div>\n\n\n\n<p><strong>Schatzmeister:<\/strong> Tatiana Fr\u00f6ls<\/p>\n<\/div>\n<\/div>\n\n\n\n<div class=\"wp-block-columns is-layout-flex wp-container-core-columns-is-layout-9d6595d7 wp-block-columns-is-layout-flex\">\n<div class=\"wp-block-column is-layout-flow wp-block-column-is-layout-flow\">\n<figure class=\"wp-block-image size-full is-resized\"><img loading=\"lazy\" decoding=\"async\" width=\"2324\" height=\"2560\" src=\"https:\/\/dinobahn.de\/wp-content\/uploads\/2026\/03\/Senay-1-scaled.png\" alt=\"\" class=\"wp-image-12272\" style=\"width:236px;height:auto\" srcset=\"https:\/\/dinobahn.de\/wp-content\/uploads\/2026\/03\/Senay-1-scaled.png 2324w, https:\/\/dinobahn.de\/wp-content\/uploads\/2026\/03\/Senay-1-272x300.png 272w, https:\/\/dinobahn.de\/wp-content\/uploads\/2026\/03\/Senay-1-930x1024.png 930w, https:\/\/dinobahn.de\/wp-content\/uploads\/2026\/03\/Senay-1-768x846.png 768w, https:\/\/dinobahn.de\/wp-content\/uploads\/2026\/03\/Senay-1-1395x1536.png 1395w, https:\/\/dinobahn.de\/wp-content\/uploads\/2026\/03\/Senay-1-1860x2048.png 1860w\" sizes=\"auto, (max-width: 2324px) 100vw, 2324px\" \/><\/figure>\n<\/div>\n\n\n\n<div class=\"wp-block-column is-layout-flow wp-block-column-is-layout-flow\">\n<div style=\"height:104px\" aria-hidden=\"true\" class=\"wp-block-spacer\"><\/div>\n\n\n\n<p><strong>Schriftf\u00fchrerin:<\/strong> Senay Schaumburg<\/p>\n<\/div>\n<\/div>\n\n\n\n<div class=\"wp-block-columns is-layout-flex wp-container-core-columns-is-layout-9d6595d7 wp-block-columns-is-layout-flex\">\n<div class=\"wp-block-column is-layout-flow wp-block-column-is-layout-flow\">\n<figure class=\"wp-block-image size-full is-resized\"><img loading=\"lazy\" decoding=\"async\" width=\"287\" height=\"300\" src=\"https:\/\/dinobahn.de\/wp-content\/uploads\/nobild.jpeg\" alt=\"\" class=\"wp-image-11694\" style=\"width:233px;height:auto\"\/><\/figure>\n<\/div>\n\n\n\n<div class=\"wp-block-column is-layout-flow wp-block-column-is-layout-flow\">\n<div style=\"height:84px\" aria-hidden=\"true\" class=\"wp-block-spacer\"><\/div>\n\n\n\n<p><strong>Kassenpr\u00fcfer: <\/strong><\/p>\n<\/div>\n<\/div>\n\n\n\n<h2 class=\"wp-block-heading\">Der erweiterte Vorstand<\/h2>\n\n\n\n<div class=\"wp-block-columns is-layout-flex wp-container-core-columns-is-layout-9d6595d7 wp-block-columns-is-layout-flex\">\n<div class=\"wp-block-column is-layout-flow wp-block-column-is-layout-flow\">\n<figure class=\"wp-block-image size-full is-resized\"><img loading=\"lazy\" decoding=\"async\" width=\"937\" height=\"969\" src=\"https:\/\/dinobahn.de\/wp-content\/uploads\/2026\/02\/Amanda-Reisinger.png\" alt=\"\" class=\"wp-image-12267\" style=\"width:228px;height:auto\" srcset=\"https:\/\/dinobahn.de\/wp-content\/uploads\/2026\/02\/Amanda-Reisinger.png 937w, https:\/\/dinobahn.de\/wp-content\/uploads\/2026\/02\/Amanda-Reisinger-290x300.png 290w, https:\/\/dinobahn.de\/wp-content\/uploads\/2026\/02\/Amanda-Reisinger-768x794.png 768w\" sizes=\"auto, (max-width: 937px) 100vw, 937px\" \/><figcaption class=\"wp-element-caption\">Amanda Reisinger<\/figcaption><\/figure>\n<\/div>\n\n\n\n<div class=\"wp-block-column is-layout-flow wp-block-column-is-layout-flow\">\n<figure class=\"wp-block-image size-full\"><img loading=\"lazy\" decoding=\"async\" width=\"240\" height=\"240\" src=\"https:\/\/dinobahn.de\/wp-content\/uploads\/2022\/10\/Juergen-Heckert-Rund.png\" alt=\"\" class=\"wp-image-2616\" srcset=\"https:\/\/dinobahn.de\/wp-content\/uploads\/2022\/10\/Juergen-Heckert-Rund.png 240w, https:\/\/dinobahn.de\/wp-content\/uploads\/2022\/10\/Juergen-Heckert-Rund-150x150.png 150w\" sizes=\"auto, (max-width: 240px) 100vw, 240px\" \/><figcaption class=\"wp-element-caption\"><strong>J\u00fcrgen Heckert<\/strong><\/figcaption><\/figure>\n<\/div>\n<\/div>\n\n\n\n<div style=\"height:100px\" aria-hidden=\"true\" class=\"wp-block-spacer\"><\/div>\n\n\n\n<p><strong>Steuern:<\/strong> Simon &amp; Partner Offenbach am Main<\/p>\n\n\n\n<p>Die <a rel=\"noreferrer noopener\" href=\"https:\/\/dinobahn.de\/wp-content\/uploads\/2022\/08\/satzung.pdf\" data-type=\"attachment\" data-id=\"87\" target=\"_blank\">Satzung<\/a> vom \u201eF\u00f6rderverein Dino-Kindereisenbahn Neu-Isenburg e.V.\u201c<\/p>\n","protected":false},"excerpt":{"rendered":"<p>1. Vorsitzender: Sascha Fr\u00f6ls 2. Vorsitzende: Sandra Schmidt Schatzmeister: Tatiana Fr\u00f6ls Schriftf\u00fchrerin: Senay Schaumburg Kassenpr\u00fcfer: Der erweiterte Vorstand Steuern: Simon<\/p>\n","protected":false},"author":1,"featured_media":0,"parent":0,"menu_order":0,"comment_status":"closed","ping_status":"closed","template":"","meta":{"ngg_post_thumbnail":0,"footnotes":""},"class_list":["post-81","page","type-page","status-publish","hentry"],"_links":{"self":[{"href":"https:\/\/dinobahn.de\/index.php\/wp-json\/wp\/v2\/pages\/81","targetHints":{"allow":["GET"]}}],"collection":[{"href":"https:\/\/dinobahn.de\/index.php\/wp-json\/wp\/v2\/pages"}],"about":[{"href":"https:\/\/dinobahn.de\/index.php\/wp-json\/wp\/v2\/types\/page"}],"author":[{"embeddable":true,"href":"https:\/\/dinobahn.de\/index.php\/wp-json\/wp\/v2\/users\/1"}],"replies":[{"embeddable":true,"href":"https:\/\/dinobahn.de\/index.php\/wp-json\/wp\/v2\/comments?post=81"}],"version-history":[{"count":4,"href":"https:\/\/dinobahn.de\/index.php\/wp-json\/wp\/v2\/pages\/81\/revisions"}],"predecessor-version":[{"id":12273,"href":"https:\/\/dinobahn.de\/index.php\/wp-json\/wp\/v2\/pages\/81\/revisions\/12273"}],"wp:attachment":[{"href":"https:\/\/dinobahn.de\/index.php\/wp-json\/wp\/v2\/media?parent=81"}],"curies":[{"name":"wp","href":"https:\/\/api.w.org\/{rel}","templated":true}]}}