{"id":298,"date":"2022-08-11T21:31:22","date_gmt":"2022-08-11T19:31:22","guid":{"rendered":"https:\/\/dinobahn.de\/?page_id=298"},"modified":"2022-08-11T21:31:22","modified_gmt":"2022-08-11T19:31:22","slug":"archiv-2007-2012","status":"publish","type":"page","link":"https:\/\/dinobahn.de\/index.php\/archiv-2007-2012\/","title":{"rendered":"Archiv 2007 &#8211; 2012"},"content":{"rendered":"\n<p>Wir kommen aus der Stadt mit Herz Neu-Isenburg!!<\/p>\n\n\n\n<p>Wir sind ein Verein mit 69 Mitgliedern plus 20 Jugendliche unter 18 Jahren.<br>Unsere Aufgabe sehen wir darin den Verein \u201eHilfe f\u00fcr Krebskranke Kinder Frankfurt e.V.\u201c finanziell zu unterst\u00fctzen.<\/p>\n\n\n\n<p><strong>2012<\/strong><\/p>\n\n\n\n<p>Wir sagen von Herzen DANKE<\/p>\n\n\n\n<p>Liebe Freunde der Dino\u00b4s<br>Die Dino,s und die Hilfe f\u00fcr krebskranke Kinder m\u00f6chten sich f\u00fcr Euere,f\u00fcr Deine f\u00fcr Ihre Mithilfe bedanken.<\/p>\n\n\n\n<p>Das Dinofest 2012 es war einfach genial und hat uns den Dinos soviel Freude bereitet obwohl bei uns die Arbeit an erster Stelle stand Die neuen Zelte die wir uns durch die gro\u00dfz\u00fcgige Spende durch die Stiftung miteinander Leben kaufen konnten haben einen nachhaltigen Eindruck auf die Besucher ausge\u00fcbt.Wir bekamen viel Lob und Anerkennung durch unsere G\u00e4ste. Daf\u00fcr m\u00f6chte ich einfach nur danke sagen.<\/p>\n\n\n\n<p>Danke sagt auch die Hilfe f\u00fcr krebskranke Kinder Frankfurt e.v die sich \u00fcber den Scheck von<\/p>\n\n\n\n<p>6000.-\u20ac<\/p>\n\n\n\n<p>gefreud haben.<\/p>\n\n\n\n<p>Gesamt f\u00fcr 19 Jahre Dinobahn 180.000\u20ac<\/p>\n\n\n\n<p>Ich m\u00f6chte keinen der Besucher herausstellen aber Sie waren alle da aus Politik, Wirtschaft und von der Klinik in Frankfurt.<\/p>\n\n\n\n<p>Ich danke meiner Heimat Stadt Neu-Isenburg ,die uns mit all ihren M\u00f6glichkeiten die Sie hat unterst\u00fctzt konnte.<\/p>\n\n\n\n<p>Ich danke den Musikern Tom jet,The Stumble Beats,poetscorner Band ,The Pins,Die Odenw\u00e4lder,Salomen C. KENNER GROUP, ELVIS MIT GREGOR GRAF f\u00fcr ihre tolle Show und unserem Zauberer Magic Mondini die uns zwei wundersch\u00f6ne Tagen bereitet haben.<\/p>\n\n\n\n<p>Unserem Techniker dem Otto<br>der Firma aggreko f\u00fcr ihren tollen Service.<\/p>\n\n\n\n<p>Ich glaube dieses Dinofest war ein H\u00f6hepunkt in unserer Heimatstadt und f\u00fcr 6000 Besucher, und f\u00fcr die Menschen die zur Zeit nicht auf der Sonnenseite dieser Erde stehen.<\/p>\n\n\n\n<p>Wir kommen wieder 2013. Dann sind wir zwanzig Jahre alt.<\/p>\n\n\n\n<p>Unser besondere Dank gilt dem Hausherrn dem KGV Eichenb\u00fchl f\u00fcr ihre tolle Unterst\u00fctzung 1 Vors: Klaus Kroll<\/p>\n\n\n\n<p>Ich freue mich f\u00fcr das Dino Team das wir Ihnen so eine Veranstaltung anbieten konnten,<\/p>\n\n\n\n<p>Ich verbleibe mit gro\u00dfer Dankbarkeit<\/p>\n\n\n\n<p>euer Erich Fr\u00f6ls<\/p>\n\n\n\n<p>1.Vors.<\/p>\n\n\n\n<p>Neuer Termin 20 Jahre Dinobahn \u2013 20 Jahre Dinofest.<\/p>\n\n\n\n<p>02,Aug, 2013, 03 Aug.2013, 04.Aug 2013<\/p>\n\n\n\n<p><strong>2011<\/strong><\/p>\n\n\n\n<p>Das Jahr 2011 begann mit dem Lumpenmontag,der uns bis ins Mark ersch\u00fctterte. Dann kam das Dinofest das wir zum erstenmal vom Termin her verlegt haben .Wir wollten dem Regen und dem Mainuferfest aus dem Wege gehen. Hatten aber damit kein Gl\u00fcck er kam wieder der Sturm, der Regen, und der Hagel und jetzt ist alles weg unsere Zelte sind alle zerst\u00f6rt,<br>( Fotos von den zerst\u00f6rten Zelten ) und wir sind am verzweifeln wenn wir keine Hilfe bekommen war es das mit dem Dinofest f\u00fcr die Zukunft.<\/p>\n\n\n\n<p>Die Dinos haben eine neue Werbeagentur die mit viel neuen Ideen und Vorstellungen das Prorammheft 2011 erstellt haben Tolle Arbeit an das Team von BUTTERUNDBROT. Die Dinobahn bei der Er\u00f6ffnung vom IZ dabei WAR EIN TOLLES ERLEBNIS!!<\/p>\n\n\n\n<p>Ob wir 2012 wieder kommen wird sich zeigen.<\/p>\n\n\n\n<p><strong>2010<\/strong><\/p>\n\n\n\n<p>Unsere 17 Benefiz-Veranstaltung wurde f\u00fcr uns als Verein zur eine Katastrophe. Wir hatten zwei Tage nur Regen ,Sturm und Hagel .Die Zerst\u00f6rten unsere Illusion die 170.000 Euro Grenze zu \u00fcberschreiten. Einige Musikgruppen konnten nicht auftreten,da uns immer wieder der Strom ausfiel, die N\u00e4sse zog in unsere Stromverteilek\u00e4sten. Diese Veranstaltung konnten wir nur noch \u00fcber private Gelder retten . Schaden durch Sturm ,und Regen und nicht verkaufter Ware 5000.-\u20ac<\/p>\n\n\n\n<p>Die Dinos haben einen neuen Sponsor die Firma Cafe Ernst. Unsere Pizzab\u00e4cker sind der Hit auf dem Dinofest Danke an die Familien Pilato und Fiorica. Es gibt viele Anfragen wegen unseren Pizzab\u00e4cker.sie sind exclusiv nur bei den Dinos auf dem Dinofest und backen ihre hohe Qualit\u00e4t nur auf dem Dinofest.<\/p>\n\n\n\n<p>Wir konnten nur die Spendengelder in H\u00f6he von 1300.-\u20ac \u00fcberweisen<\/p>\n\n\n\n<p><strong>2009<\/strong><\/p>\n\n\n\n<p>Zum ersten mal konnten nicht alle Musikkapellen zu unserer Benefiz-Veranstaltung kommen.<br>Sie hatten Vertr\u00e4ge mit anderen Veranstaltern. Aber Sie kommen alle wieder. !!!<\/p>\n\n\n\n<p>Unser Angebot an die Besucher haben wir erweitert durch Zuckerwatte und Popkorn, keine Schlechte Idee.<\/p>\n\n\n\n<p>Die Dinos unterziehen sich einer Verj\u00fcngungskur. Wir versuchen j\u00fcngere Mitglieder f\u00fcr unsere Arbeit zu gewinnen f\u00fcnf neue begr\u00fc\u00dfen wir als neue Mitglieder. Den Sascha der die Arbeit noch nicht richtig gew\u00f6hnt ist, aber das kriegen wir schon hin, Steffi da hast Du noch viel Arbeit.<\/p>\n\n\n\n<p>Wir begr\u00fc\u00dfen Familie Michael und Tanja Auterhoff als neue Dino Mitglieder.<\/p>\n\n\n\n<p>Die Firma AGGREKO ist neuer Sponsor auf der Dinobekleidung.<\/p>\n\n\n\n<p>Spendensumme f\u00fcr 2009: 10.500\u20ac<\/p>\n\n\n\n<p>Neuwahlen bei den Dinos<\/p>\n\n\n\n<p>1. Vorsitzender: Erich Fr\u00f6ls<br>2. Vorsinzender: Andreas Gelse<br>Kasse: Irena Gelse, Karin Fr\u00f6ls<br>Schriftf\u00fchrerin: Steffi Gelse<br>Kassenpr\u00fcfer: Lori Fiorica, Tatjana Fr\u00f6ls<br>Steuer: Dieter M\u00fchleis Steuerberater<\/p>\n\n\n\n<p><strong>2008<\/strong><\/p>\n\n\n\n<p>25 Jahre Hilfe f\u00fcr Krebskranke Kinder Frankfurt e.V.<\/p>\n\n\n\n<p>15 Jahre Dinobahn Neu-Isenburg e.V.<\/p>\n\n\n\n<p>P\u00fcnktlich zum 15. Dinofest kam das sch\u00f6ne Wetter nach Neu-Isenburg, in der Woche davor bei den Vorbereitungen f\u00fcr das Dinofest hat das Dino-Team schon bef\u00fcrchtet das es ein Wetter wie 2007 gibt.<\/p>\n\n\n\n<p>Nach den Er\u00f6ffnungsreden durch Erich Fr\u00f6ls und Oliver Quilling (B\u00fcrgermeister der Stadt Neu-Isenburg) f\u00fchrte Andre Ebert von Radio Main FM durch das Programm.<\/p>\n\n\n\n<p>Den Anfang machte Andy Sommer mit einer Nachwuchss\u00e4ngerin die er ausbildet, dann hatten die Dino-Kids ihren auftritt.<\/p>\n\n\n\n<p>Wir suchen immer nach etwas neuem das wir unseren Besuchern anbieten k\u00f6nnen, und haben einiges gefunden.<\/p>\n\n\n\n<p>Sie waren zum ersten Mal beim Dinofest unsere Familie Fiorica mit Ihrem Pizzastand Sie waren in drei Stunden Ausverkauft danke f\u00fcr diese tolle Idee.<\/p>\n\n\n\n<p>Zum ersten mal konnte das Dino-Team durch Norbert Kleimaier ein Ritter-Team Pr\u00e4sentieren, das verschiedene Vorf\u00fchrungen Pr\u00e4sentierte sowie eine Feuershow darbot.<\/p>\n\n\n\n<p>Dieses Jahr spielte die Gruppe 19-Inch zum ersten mal auf dem Dinofest, und brachte feinste Party-Musik.<\/p>\n\n\n\n<p>Gegen 22:00Uhr startete zum ersten mal ein kleines Feuerwerk im Eichenb\u00fchl, danach kam dann das Gro\u00dfe Feuerwerk, Gregor Graf mit Band betrat die B\u00fchne und brachte seine besten Elvis-Songs.<\/p>\n\n\n\n<p>Nach dem Fr\u00fchschoppen mit Wei\u00dfwurst und Brezeln ging es bei sch\u00f6nem Wetter mit den Rittespielen, Dino-Kids und den Stumble Beats im Programm weiter.<\/p>\n\n\n\n<p>Weiter im Programm ging es mit Geoff \u2013 The Magic Tones Show und Tom Jet mit seinen MTG`s.<\/p>\n\n\n\n<p>Zum abschluss des 15. Dinofest kam um 18:30Uhr dann die Ziehung der Tombola.<\/p>\n\n\n\n<p>Nach dem erfolgreichen Dinofest k\u00f6nnen wir nun 11.600\u20ac an die \u201eHilfe f\u00fcr Krebskranke Kinder Frankfurt e.V.\u201c \u00fcberweisen.<\/p>\n\n\n\n<p><strong>2007<\/strong><\/p>\n\n\n\n<p>Die Dinobahn bekommt endlich neue Felgen Michael Bayer konnte sie beschaffen<br>Danke daf\u00fcr.<\/p>\n\n\n\n<p>Die Dinobahn hat einen neuen Ansager Andre Eber von Radio FM.<br>Er f\u00fchrt durch das Programm eine gute Wahl.<\/p>\n\n\n\n<p>Unsere Oldie-Party war f\u00fcr unsere Besucher eine tolle Sache. Aber unser Umsatz geht immer wieder zur\u00fcck. Besucher sind viele da aber die Leute haben nicht mehr das Geld das wir zum gelingen dieser Veranstaltung brauchen.<br>Wir versuchen neue Wege mit unserer Veranstaltung zu gehen.<br>Wir brauchen ganz dringend einen gro\u00df Sponsor um unsere Veranstaltung zu retten.<\/p>\n\n\n\n<p>Die Dino-Kids bekommen endlich neue Tanzbekleidung, das gelang uns aber nur mit Geldern von der Stiftung \u201eMiteinander Leben\u201c und den \u201eStadtwerken Neu-Isenburg\u201c.<br>Daf\u00fcrunserem Landrat Peter Walter und der Gesch\u00e4ftsleitung der Stadtwerke vielen Dank.<\/p>\n\n\n\n<p>Unser Dank geht bei dieser Gelegenheit an den DLB, Stadtg\u00e4rtner, der Polizei-Station Neu-Isenburg, die Feuerwehr Neu-Isenburg die uns bei jeder Veranstaltung tatkr\u00e4ftig unterst\u00fctzt haben.<\/p>\n\n\n\n<p>Spendensumme f\u00fcr 2007: 9.000 \u20ac<\/p>\n\n\n\n<p>Wir Fahren f\u00fcr die Stadt Frankfurt<\/p>\n\n\n\n<p>2. Halloween-Party war kein erfolg.<\/p>\n\n\n\n<p>Spendenstand: 138.500,00 \u20ac<\/p>\n\n\n\n<p>Dorit Christ ist ein Monat vor dem Dinofest verstorben. Wir werden Dich und Deinen Mann in Erinnerung behalten.<\/p>\n","protected":false},"excerpt":{"rendered":"<p>Wir kommen aus der Stadt mit Herz Neu-Isenburg!! Wir sind ein Verein mit 69 Mitgliedern plus 20 Jugendliche unter 18<\/p>\n","protected":false},"author":1,"featured_media":0,"parent":0,"menu_order":0,"comment_status":"closed","ping_status":"closed","template":"","meta":{"ngg_post_thumbnail":0,"footnotes":""},"class_list":["post-298","page","type-page","status-publish","hentry"],"_links":{"self":[{"href":"https:\/\/dinobahn.de\/index.php\/wp-json\/wp\/v2\/pages\/298","targetHints":{"allow":["GET"]}}],"collection":[{"href":"https:\/\/dinobahn.de\/index.php\/wp-json\/wp\/v2\/pages"}],"about":[{"href":"https:\/\/dinobahn.de\/index.php\/wp-json\/wp\/v2\/types\/page"}],"author":[{"embeddable":true,"href":"https:\/\/dinobahn.de\/index.php\/wp-json\/wp\/v2\/users\/1"}],"replies":[{"embeddable":true,"href":"https:\/\/dinobahn.de\/index.php\/wp-json\/wp\/v2\/comments?post=298"}],"version-history":[{"count":0,"href":"https:\/\/dinobahn.de\/index.php\/wp-json\/wp\/v2\/pages\/298\/revisions"}],"wp:attachment":[{"href":"https:\/\/dinobahn.de\/index.php\/wp-json\/wp\/v2\/media?parent=298"}],"curies":[{"name":"wp","href":"https:\/\/api.w.org\/{rel}","templated":true}]}}