{"id":286,"date":"2022-08-11T21:04:09","date_gmt":"2022-08-11T19:04:09","guid":{"rendered":"https:\/\/dinobahn.de\/?page_id=286"},"modified":"2023-07-31T10:43:15","modified_gmt":"2023-07-31T08:43:15","slug":"anfahrt-zum-dinofest","status":"publish","type":"page","link":"https:\/\/dinobahn.de\/index.php\/anfahrt-zum-dinofest\/","title":{"rendered":"Anfahrt zum Dinofest"},"content":{"rendered":"\n<p>Die folgenden Dateien liegen als PDF vor.<br>Um diese zu \u00f6ffnen ben\u00f6tigt Ihr den <a rel=\"noreferrer noopener\" href=\"https:\/\/get.adobe.com\/de\/reader\/otherversions\/\" target=\"_blank\">Adobe-Reader<\/a>, oder das Pdf-Plugin f\u00fcr euren Browser.<\/p>\n\n\n\n<p><a href=\"https:\/\/dinobahn.de\/wp-content\/uploads\/Anfahrt-Dinofest-QR.pdf\" data-type=\"attachment\" data-id=\"10280\" target=\"_blank\" rel=\"noreferrer noopener\">Anfahrt<\/a><\/p>\n","protected":false},"excerpt":{"rendered":"<p>Die folgenden Dateien liegen als PDF vor.Um diese zu \u00f6ffnen ben\u00f6tigt Ihr den Adobe-Reader, oder das Pdf-Plugin f\u00fcr euren Browser.<\/p>\n","protected":false},"author":1,"featured_media":0,"parent":0,"menu_order":0,"comment_status":"closed","ping_status":"closed","template":"","meta":{"ngg_post_thumbnail":0,"footnotes":""},"class_list":["post-286","page","type-page","status-publish","hentry"],"_links":{"self":[{"href":"https:\/\/dinobahn.de\/index.php\/wp-json\/wp\/v2\/pages\/286","targetHints":{"allow":["GET"]}}],"collection":[{"href":"https:\/\/dinobahn.de\/index.php\/wp-json\/wp\/v2\/pages"}],"about":[{"href":"https:\/\/dinobahn.de\/index.php\/wp-json\/wp\/v2\/types\/page"}],"author":[{"embeddable":true,"href":"https:\/\/dinobahn.de\/index.php\/wp-json\/wp\/v2\/users\/1"}],"replies":[{"embeddable":true,"href":"https:\/\/dinobahn.de\/index.php\/wp-json\/wp\/v2\/comments?post=286"}],"version-history":[{"count":0,"href":"https:\/\/dinobahn.de\/index.php\/wp-json\/wp\/v2\/pages\/286\/revisions"}],"wp:attachment":[{"href":"https:\/\/dinobahn.de\/index.php\/wp-json\/wp\/v2\/media?parent=286"}],"curies":[{"name":"wp","href":"https:\/\/api.w.org\/{rel}","templated":true}]}}