{"id":206,"date":"2022-08-11T17:41:46","date_gmt":"2022-08-11T15:41:46","guid":{"rendered":"https:\/\/dinobahn.de\/?page_id=206"},"modified":"2025-07-11T09:32:39","modified_gmt":"2025-07-11T07:32:39","slug":"festrograme","status":"publish","type":"page","link":"https:\/\/dinobahn.de\/index.php\/festrograme\/","title":{"rendered":"Festprogramme"},"content":{"rendered":"\n<p>Die folgenden Dateien liegen als PDF vor.<\/p>\n\n\n\n<p>Um diese zu \u00f6ffnen ben\u00f6tigt Ihr den <a href=\"https:\/\/get.adobe.com\/de\/reader\/otherversions\/\" target=\"_blank\" rel=\"noreferrer noopener\">Adobe-Reader<\/a>, oder das PDF-Plugin f\u00fcr euren Browser.<\/p>\n\n\n\n<p><a href=\"https:\/\/dinobahn.de\/wp-content\/uploads\/DinoProgramm2025.pdf\" target=\"_blank\" rel=\"noreferrer noopener\">Dinoprogramm &#8211; 2025<\/a><\/p>\n\n\n\n<p><a href=\"https:\/\/dinobahn.de\/wp-content\/uploads\/Dinoprogramm-2023.pdf\" data-type=\"attachment\" data-id=\"11369\" target=\"_blank\" rel=\"noreferrer noopener\">Dinoprogramm &#8211; 2023<\/a><\/p>\n\n\n\n<p><a href=\"https:\/\/dinobahn.de\/wp-content\/uploads\/Programme\/Dinoprogramm-2022.pdf\" target=\"_blank\" rel=\"noreferrer noopener\">Dinoprogramm &#8211; 2022<\/a><\/p>\n\n\n\n<p><a href=\"https:\/\/dinobahn.de\/wp-content\/uploads\/Programme\/Dinoprogramm-2021.pdf\" target=\"_blank\" rel=\"noreferrer noopener\">Dinoprogramm &#8211; 2021<\/a><\/p>\n\n\n\n<p><a href=\"https:\/\/dinobahn.de\/wp-content\/uploads\/Programme\/Dinoprogramm-2020.pdf\" target=\"_blank\" rel=\"noreferrer noopener\">Dinoprogramm &#8211; 2020<\/a><\/p>\n\n\n\n<p><a href=\"https:\/\/dinobahn.de\/wp-content\/uploads\/Programme\/Dinoprogramm-2019.pdf\" target=\"_blank\" rel=\"noreferrer noopener\">Dinoprogramm &#8211; 2019<\/a><\/p>\n\n\n\n<p><a href=\"https:\/\/dinobahn.de\/wp-content\/uploads\/Programme\/Dinoprogramm-2018.pdf\" target=\"_blank\" rel=\"noreferrer noopener\">Dinoprogramm &#8211; 2018<\/a><\/p>\n\n\n\n<p><a href=\"https:\/\/dinobahn.de\/wp-content\/uploads\/Programme\/Dinoprogramm-2017.pdf\" target=\"_blank\" rel=\"noreferrer noopener\">Dinoprogramm &#8211; 2017<\/a><\/p>\n\n\n\n<p><a href=\"https:\/\/dinobahn.de\/wp-content\/uploads\/Programme\/Dinoprogramm-2016.pdf\" target=\"_blank\" rel=\"noreferrer noopener\">Dinoprogramm &#8211; 2016<\/a><\/p>\n\n\n\n<p><a rel=\"noreferrer noopener\" href=\"https:\/\/dinobahn.de\/wp-content\/uploads\/Programme\/Dinoprogramm-2015.pdf\" target=\"_blank\">Dinoprogramm &#8211; 2015<\/a><\/p>\n\n\n\n<p><a href=\"https:\/\/dinobahn.de\/wp-content\/uploads\/Dinoprogramm-2014.pdf\" data-type=\"attachment\" data-id=\"11363\" target=\"_blank\" rel=\"noreferrer noopener\">Dinoprogramm &#8211; 2014<\/a><\/p>\n\n\n\n<p><a href=\"https:\/\/dinobahn.de\/wp-content\/uploads\/Dinoprogramm-2013.pdf\" data-type=\"attachment\" data-id=\"11362\" target=\"_blank\" rel=\"noreferrer noopener\">Dinoprogramm &#8211; 2013<\/a><\/p>\n\n\n\n<p><a href=\"https:\/\/dinobahn.de\/wp-content\/uploads\/Programme\/Dinoprogramm-2012.pdf\" target=\"_blank\" rel=\"noreferrer noopener\">Dinoprogramm &#8211; 2012<\/a><\/p>\n\n\n\n<p><a href=\"https:\/\/dinobahn.de\/wp-content\/uploads\/Programme\/Dinoprogramm-2011.pdf\" target=\"_blank\" rel=\"noreferrer noopener\">Dinoprogramm &#8211; 2011<\/a><\/p>\n\n\n\n<p><a href=\"https:\/\/dinobahn.de\/wp-content\/uploads\/Programme\/Dinoprogramm-2010.pdf\" target=\"_blank\" rel=\"noreferrer noopener\">Dinoprogramm &#8211; 2010<\/a><\/p>\n\n\n\n<p><a href=\"https:\/\/dinobahn.de\/wp-content\/uploads\/Programme\/Dinoprogramm-2009.pdf\" target=\"_blank\" rel=\"noreferrer noopener\">Dinoprogramm &#8211; 2009<\/a><\/p>\n\n\n\n<p><a href=\"https:\/\/dinobahn.de\/wp-content\/uploads\/Programme\/Dinoprogramm-2008.pdf\" target=\"_blank\" rel=\"noreferrer noopener\">Dinoprogramm &#8211; 2008<\/a><\/p>\n\n\n\n<p><a href=\"https:\/\/dinobahn.de\/wp-content\/uploads\/Programme\/Dinoprogramm-2007.pdf\" target=\"_blank\" rel=\"noreferrer noopener\">Dinoprogramm &#8211; 2007<\/a><\/p>\n\n\n\n<p><a href=\"https:\/\/dinobahn.de\/wp-content\/uploads\/Programme\/Dinoprogramm-2006.pdf\" target=\"_blank\" rel=\"noreferrer noopener\">Dinoprogramm &#8211; 2006<\/a><\/p>\n\n\n\n<p><a href=\"https:\/\/dinobahn.de\/wp-content\/uploads\/Programme\/Dinoprogramm-2005.pdf\" target=\"_blank\" rel=\"noreferrer noopener\">Dinoprogramm &#8211; 2005<\/a><\/p>\n","protected":false},"excerpt":{"rendered":"<p>Die folgenden Dateien liegen als PDF vor. Um diese zu \u00f6ffnen ben\u00f6tigt Ihr den Adobe-Reader, oder das PDF-Plugin f\u00fcr euren<\/p>\n","protected":false},"author":1,"featured_media":0,"parent":0,"menu_order":0,"comment_status":"closed","ping_status":"closed","template":"","meta":{"ngg_post_thumbnail":0,"footnotes":""},"class_list":["post-206","page","type-page","status-publish","hentry"],"_links":{"self":[{"href":"https:\/\/dinobahn.de\/index.php\/wp-json\/wp\/v2\/pages\/206","targetHints":{"allow":["GET"]}}],"collection":[{"href":"https:\/\/dinobahn.de\/index.php\/wp-json\/wp\/v2\/pages"}],"about":[{"href":"https:\/\/dinobahn.de\/index.php\/wp-json\/wp\/v2\/types\/page"}],"author":[{"embeddable":true,"href":"https:\/\/dinobahn.de\/index.php\/wp-json\/wp\/v2\/users\/1"}],"replies":[{"embeddable":true,"href":"https:\/\/dinobahn.de\/index.php\/wp-json\/wp\/v2\/comments?post=206"}],"version-history":[{"count":0,"href":"https:\/\/dinobahn.de\/index.php\/wp-json\/wp\/v2\/pages\/206\/revisions"}],"wp:attachment":[{"href":"https:\/\/dinobahn.de\/index.php\/wp-json\/wp\/v2\/media?parent=206"}],"curies":[{"name":"wp","href":"https:\/\/api.w.org\/{rel}","templated":true}]}}