{"id":11996,"date":"2025-07-29T15:10:31","date_gmt":"2025-07-29T13:10:31","guid":{"rendered":"https:\/\/dinobahn.de\/?page_id=11996"},"modified":"2025-09-19T15:34:27","modified_gmt":"2025-09-19T13:34:27","slug":"presse-2025","status":"publish","type":"page","link":"https:\/\/dinobahn.de\/index.php\/presse-2025\/","title":{"rendered":"Presse 2025"},"content":{"rendered":"\n<p>Dino-Verein kann Kindereisenbahn nicht mehr fahren <br>lassen und braucht Geld f\u00fcr Neuanschaffung. <a href=\"https:\/\/dinobahn.de\/wp-content\/uploads\/Dino-Verein-kann-Kindereisenbahn-nicht-mehr-fahren-lassen-und-braucht-Geld-fuer-Neuanschaffung.pdf\" target=\"_blank\" rel=\"noreferrer noopener\">OP-Artikel vom 29.07.2025<\/a> ( PDF )<\/p>\n\n\n\n<p>Heute erschien in der Offenbach folgender Artikel \u00fcber Die Dinobahn und der Crowdfunding-Idee<\/p>\n\n\n\n<p><a href=\"https:\/\/dinobahn.de\/wp-content\/uploads\/Beim-33.-Dino-Fest-in-Neu-Isenburg-kamen-viele-Besucher.-Bald-soll-die-Dino-Kindereisenbahn-mit-vereinten-Kraeften-und-Geld-wieder-rollen.pdf\" target=\"_blank\" rel=\"noreferrer noopener\">zum Artikel<\/a><\/p>\n\n\n\n<p>Gro\u00dfz\u00fcgig spenden, bervor der Zug abf\u00e4hrt <a href=\"https:\/\/dinobahn.de\/wp-content\/uploads\/Grosszuegig-spenden-bevor-der-Zug-abfaehrt.pdf\" data-type=\"attachment\" data-id=\"12157\" target=\"_blank\" rel=\"noreferrer noopener\">OP-Artikel vom 19.09.2025<\/a> ( PDF )<\/p>\n\n\n\n<p><\/p>\n","protected":false},"excerpt":{"rendered":"<p>Dino-Verein kann Kindereisenbahn nicht mehr fahren lassen und braucht Geld f\u00fcr Neuanschaffung. OP-Artikel vom 29.07.2025 ( PDF ) Heute erschien<\/p>\n","protected":false},"author":1,"featured_media":0,"parent":0,"menu_order":0,"comment_status":"closed","ping_status":"closed","template":"","meta":{"ngg_post_thumbnail":0,"footnotes":""},"class_list":["post-11996","page","type-page","status-publish","hentry"],"_links":{"self":[{"href":"https:\/\/dinobahn.de\/index.php\/wp-json\/wp\/v2\/pages\/11996","targetHints":{"allow":["GET"]}}],"collection":[{"href":"https:\/\/dinobahn.de\/index.php\/wp-json\/wp\/v2\/pages"}],"about":[{"href":"https:\/\/dinobahn.de\/index.php\/wp-json\/wp\/v2\/types\/page"}],"author":[{"embeddable":true,"href":"https:\/\/dinobahn.de\/index.php\/wp-json\/wp\/v2\/users\/1"}],"replies":[{"embeddable":true,"href":"https:\/\/dinobahn.de\/index.php\/wp-json\/wp\/v2\/comments?post=11996"}],"version-history":[{"count":0,"href":"https:\/\/dinobahn.de\/index.php\/wp-json\/wp\/v2\/pages\/11996\/revisions"}],"wp:attachment":[{"href":"https:\/\/dinobahn.de\/index.php\/wp-json\/wp\/v2\/media?parent=11996"}],"curies":[{"name":"wp","href":"https:\/\/api.w.org\/{rel}","templated":true}]}}