{"id":119,"date":"2022-08-11T14:16:41","date_gmt":"2022-08-11T12:16:41","guid":{"rendered":"https:\/\/dinobahn.de\/?page_id=119"},"modified":"2025-10-17T23:50:52","modified_gmt":"2025-10-17T21:50:52","slug":"spenden","status":"publish","type":"page","link":"https:\/\/dinobahn.de\/index.php\/spenden\/","title":{"rendered":"Spenden"},"content":{"rendered":"\n<p><\/p>\n\n\n\n<p>Vielen Dank f\u00fcr Ihr Interesse, die<br>Dino \u2013 Kindereisenbahn Neu-Isenburg e.V.<br>finanziell zu f\u00f6rdern. <\/p>\n\n\n\n<p>Per Bank-\u00dcberweisung:<\/p>\n\n\n\n<p>Unser Spendenkonto lautet:<\/p>\n\n\n\n<p>Sparkasse Langen-Seligenstadt<\/p>\n\n\n\n<p>IBAN: DE72 5065 2124 0136 2410 49<\/p>\n\n\n\n<p>SWIFT\/BIC: HELADEF1SLS<\/p>\n\n\n\n<p class=\"has-white-color has-primary-background-color has-text-color has-background\"><strong>Bitte vergessen Sie nicht als Verwendungszweck Ihren Namen und Ihre Anschrift anzugeben, damit wir Ihnen Ihre Spendenbescheinigung zusenden k\u00f6nnen.<\/strong><\/p>\n\n\n\n<p>Wenn Sie weitere Informationen m\u00f6chten oder einen pers\u00f6nlichen Kontakt w\u00fcnschen, wenden Sie sich bitte an unsere<br>Schriftf\u00fchrerin Rebecca Kron. Sie erreichen sie unter:<br>Telefon: +49 178 92 98 674<br>Email: <a href=\"https:\/\/dinobahn.de\/index.php\/spendenanfrage\/\" data-type=\"page\" data-id=\"3456\">spendenanfrage@dinobahn.d<\/a><a href=\"mailto:spendenanfrage@dinobahn.de?subject=Anfrage wegen einer Spende\">e<\/a><\/p>\n\n\n\n<p>Sie k\u00f6nnen sich auch gerne an den Verein<br><a href=\"http:\/\/www.hfkk.de\/\" rel=\"noreferrer noopener\" target=\"_blank\">\u201eHilfe F\u00fcr Krebskranke Kinder Frankfurt e.V\u201c<\/a>,<\/p>\n\n\n\n<p>Frau Karin Reinhold-Kranz, wenden unter<br>Email: <a href=\"mailto:info@hfkk.de\">info@hfkk.de<\/a><\/p>\n","protected":false},"excerpt":{"rendered":"<p>Vielen Dank f\u00fcr Ihr Interesse, dieDino \u2013 Kindereisenbahn Neu-Isenburg e.V.finanziell zu f\u00f6rdern. Per Bank-\u00dcberweisung: Unser Spendenkonto lautet: Sparkasse Langen-Seligenstadt IBAN:<\/p>\n","protected":false},"author":1,"featured_media":0,"parent":0,"menu_order":0,"comment_status":"closed","ping_status":"closed","template":"","meta":{"ngg_post_thumbnail":0,"footnotes":""},"class_list":["post-119","page","type-page","status-publish","hentry"],"_links":{"self":[{"href":"https:\/\/dinobahn.de\/index.php\/wp-json\/wp\/v2\/pages\/119","targetHints":{"allow":["GET"]}}],"collection":[{"href":"https:\/\/dinobahn.de\/index.php\/wp-json\/wp\/v2\/pages"}],"about":[{"href":"https:\/\/dinobahn.de\/index.php\/wp-json\/wp\/v2\/types\/page"}],"author":[{"embeddable":true,"href":"https:\/\/dinobahn.de\/index.php\/wp-json\/wp\/v2\/users\/1"}],"replies":[{"embeddable":true,"href":"https:\/\/dinobahn.de\/index.php\/wp-json\/wp\/v2\/comments?post=119"}],"version-history":[{"count":0,"href":"https:\/\/dinobahn.de\/index.php\/wp-json\/wp\/v2\/pages\/119\/revisions"}],"wp:attachment":[{"href":"https:\/\/dinobahn.de\/index.php\/wp-json\/wp\/v2\/media?parent=119"}],"curies":[{"name":"wp","href":"https:\/\/api.w.org\/{rel}","templated":true}]}}