{"id":11282,"date":"2023-08-06T22:09:00","date_gmt":"2023-08-06T20:09:00","guid":{"rendered":"https:\/\/dinobahn.de\/?page_id=11282"},"modified":"2023-08-21T21:14:51","modified_gmt":"2023-08-21T19:14:51","slug":"videos-vom-hfkk-frankfurt","status":"publish","type":"page","link":"https:\/\/dinobahn.de\/index.php\/videos-vom-hfkk-frankfurt\/","title":{"rendered":"Videos vom HFKK-Frankfurt"},"content":{"rendered":"\n<p>#3gegen1 Kampagne &#8211; Sei dabei! von &#8222;Hilfe f\u00fcr Krebskranke Kinder Frankfurt e.V.&#8220;<\/p>\n\n\n<figure class=\"wp-block-embed-youtube wp-block-embed is-type-video is-provider-youtube wp-embed-aspect-16-9 wp-has-aspect-ratio\"><div class=\"lyte-wrapper\" style=\"width:640px;max-width:100%;margin:5px auto;\"><div class=\"lyMe\" id=\"WYL_clcAWns0fwk\"><div id=\"lyte_clcAWns0fwk\" data-src=\"\/\/i.ytimg.com\/vi\/clcAWns0fwk\/hqdefault.jpg\" class=\"pL\"><div class=\"tC\"><div class=\"tT\"><\/div><\/div><div class=\"play\"><\/div><div class=\"ctrl\"><div class=\"Lctrl\"><\/div><div class=\"Rctrl\"><\/div><\/div><\/div><noscript><a href=\"https:\/\/youtu.be\/clcAWns0fwk\" rel=\"nofollow\"><img loading=\"lazy\" decoding=\"async\" src=\"https:\/\/i.ytimg.com\/vi\/clcAWns0fwk\/0.jpg\" alt=\"YouTube-Video-Vorschaubild\" width=\"640\" height=\"340\" \/><br \/>Dieses Video auf YouTube ansehen<\/a><\/noscript><\/div><\/div><div class=\"lL\" style=\"max-width:100%;width:640px;margin:5px auto;\"><\/div><figcaption><\/figcaption><\/figure>\n\n\n<p>Erkl\u00e4rvideo von der Arbeit der &#8222;Hilfe f\u00fcr Krebskranke Kinder Frankfurt e.V.&#8220; vom 07.03.2023<\/p>\n\n\n<figure class=\"wp-block-embed-youtube wp-block-embed is-type-video is-provider-youtube wp-embed-aspect-16-9 wp-has-aspect-ratio\"><div class=\"lyte-wrapper\" style=\"width:640px;max-width:100%;margin:5px auto;\"><div class=\"lyMe\" id=\"WYL_doa66g7UYeM\"><div id=\"lyte_doa66g7UYeM\" data-src=\"\/\/i.ytimg.com\/vi\/doa66g7UYeM\/hqdefault.jpg\" class=\"pL\"><div class=\"tC\"><div class=\"tT\"><\/div><\/div><div class=\"play\"><\/div><div class=\"ctrl\"><div class=\"Lctrl\"><\/div><div class=\"Rctrl\"><\/div><\/div><\/div><noscript><a href=\"https:\/\/youtu.be\/doa66g7UYeM\" rel=\"nofollow\"><img loading=\"lazy\" decoding=\"async\" src=\"https:\/\/i.ytimg.com\/vi\/doa66g7UYeM\/0.jpg\" alt=\"YouTube-Video-Vorschaubild\" width=\"640\" height=\"340\" \/><br \/>Dieses Video auf YouTube ansehen<\/a><\/noscript><\/div><\/div><div class=\"lL\" style=\"max-width:100%;width:640px;margin:5px auto;\"><\/div><figcaption><\/figcaption><\/figure>\n\n\n<p>Mehr Videos gibt es in der <a href=\"https:\/\/www.kinderkrebs-frankfurt.de\/ueber-uns\/mediathek\/\" target=\"_blank\" rel=\"noreferrer noopener\">Mediatek<\/a> der <em>Hilfe f\u00fcr Krebskranke Kinder Frankfurt e.V.<\/em><\/p>\n","protected":false},"excerpt":{"rendered":"<p>#3gegen1 Kampagne &#8211; Sei dabei! von &#8222;Hilfe f\u00fcr Krebskranke Kinder Frankfurt e.V.&#8220; Erkl\u00e4rvideo von der Arbeit der &#8222;Hilfe f\u00fcr Krebskranke<\/p>\n","protected":false},"author":1,"featured_media":0,"parent":0,"menu_order":0,"comment_status":"closed","ping_status":"closed","template":"","meta":{"ngg_post_thumbnail":0,"footnotes":""},"class_list":["post-11282","page","type-page","status-publish","hentry"],"_links":{"self":[{"href":"https:\/\/dinobahn.de\/index.php\/wp-json\/wp\/v2\/pages\/11282","targetHints":{"allow":["GET"]}}],"collection":[{"href":"https:\/\/dinobahn.de\/index.php\/wp-json\/wp\/v2\/pages"}],"about":[{"href":"https:\/\/dinobahn.de\/index.php\/wp-json\/wp\/v2\/types\/page"}],"author":[{"embeddable":true,"href":"https:\/\/dinobahn.de\/index.php\/wp-json\/wp\/v2\/users\/1"}],"replies":[{"embeddable":true,"href":"https:\/\/dinobahn.de\/index.php\/wp-json\/wp\/v2\/comments?post=11282"}],"version-history":[{"count":0,"href":"https:\/\/dinobahn.de\/index.php\/wp-json\/wp\/v2\/pages\/11282\/revisions"}],"wp:attachment":[{"href":"https:\/\/dinobahn.de\/index.php\/wp-json\/wp\/v2\/media?parent=11282"}],"curies":[{"name":"wp","href":"https:\/\/api.w.org\/{rel}","templated":true}]}}